{"id":876,"date":"2017-04-24T14:12:47","date_gmt":"2017-04-24T12:12:47","guid":{"rendered":"https:\/\/ccaam.net\/contact-us\/"},"modified":"2019-01-31T10:18:39","modified_gmt":"2019-01-31T08:18:39","slug":"contact-us","status":"publish","type":"page","link":"https:\/\/ccaam.net\/en\/contact-us\/","title":{"rendered":"Contact us"},"content":{"rendered":"<div class=\"flex_column  av_one_fourth  flex_column_div av-zero-column-padding first  avia-builder-el-0  el_before_av_one_half  avia-builder-el-first  \" style='border-radius:0px; '><p>\n<style type=\"text\/css\" data-created_by=\"avia_inline_auto\" id=\"style-css-av-av_heading-ad23b887d70671ae8709134a3c6fa46a\">\n#top .av-special-heading.av-av_heading-ad23b887d70671ae8709134a3c6fa46a{\npadding-bottom:10px;\n}\nbody .av-special-heading.av-av_heading-ad23b887d70671ae8709134a3c6fa46a .av-special-heading-tag .heading-char{\nfont-size:25px;\n}\n.av-special-heading.av-av_heading-ad23b887d70671ae8709134a3c6fa46a .av-subheading{\nfont-size:15px;\n}\n<\/style>\n<div  class='av-special-heading av-av_heading-ad23b887d70671ae8709134a3c6fa46a av-special-heading-h3 blockquote modern-quote  avia-builder-el-1  el_before_av_textblock  avia-builder-el-first '><h3 class='av-special-heading-tag'  itemprop=\"headline\"  >Contact info<\/h3><div class=\"special-heading-border\"><div class=\"special-heading-inner-border\"><\/div><\/div><\/div><br \/>\n<section  class='av_textblock_section av-av_textblock-283972ea15f2e73870c23e2d6de3245d'  itemscope=\"itemscope\" itemtype=\"https:\/\/schema.org\/CreativeWork\" ><div class='avia_textblock'  itemprop=\"text\" ><p>Yrj\u00f6nkatu 8 a 2<br \/>\n00120 Helsinki,<br \/>\nFinland<br \/>\nEmail: <a href=\"mailto:info@ccaam.net\">info@ccaam.net<\/a><br \/>\nTel.: +358\u00a0201 777 260<\/p>\n<\/div><\/section><\/p><\/div>\n<div class=\"flex_column  av_one_half  flex_column_div av-zero-column-padding   avia-builder-el-3  el_after_av_one_fourth  avia-builder-el-last  \" style='border-radius:0px; '><div  class='av_gmaps_sc_main_wrap av_gmaps_main_wrap '><div id='av_gmap_0' class='avia-google-map-container avia-google-map-sc av_gmaps_show_unconditionally av-no-fallback-img ' data-mapid='av_gmap_0'  style='height: 400px;'><a class=\"av_gmaps_browser_disabled av_text_confirm_link av_text_confirm_link_visible\" href=\"https:\/\/www.google.com\/maps\/search\/?api=1&#038;query=Yrj\u00f6nkatu%208%20%20Helsinki%20%20Finland\" target=\"_blank\" rel=\"noopener\">Maps were disabled by the visitor on this site. Click to open the map in a new window.<\/a><\/div><\/div><\/div>\n","protected":false},"excerpt":{"rendered":"","protected":false},"author":1,"featured_media":0,"parent":0,"menu_order":0,"comment_status":"closed","ping_status":"closed","template":"","meta":[],"acf":[],"yoast_head":"<!-- This site is optimized with the Yoast SEO plugin v18.8 - https:\/\/yoast.com\/wordpress\/plugins\/seo\/ -->\n<title>Yhteystiedot: puhelin ja k\u00e4yntiosoite | CCAAM - puh. +358 201 777 288<\/title>\n<meta name=\"description\" content=\"K\u00e4yntiosoite: Yrj\u00f6nkatu 8 a 2 00120 Helsinki - Email: info@ccaam.net - Puhelinnumero: +358 201 777 260. Yhteystiedot ja yhteydenotto-ohjeet.\" \/>\n<meta name=\"robots\" content=\"index, follow, max-snippet:-1, max-image-preview:large, max-video-preview:-1\" \/>\n<link rel=\"canonical\" href=\"https:\/\/ccaam.net\/en\/contact-us\/\" \/>\n<meta property=\"og:locale\" content=\"en_US\" \/>\n<meta property=\"og:type\" content=\"article\" \/>\n<meta property=\"og:title\" content=\"Yhteystiedot: puhelin ja k\u00e4yntiosoite | CCAAM - puh. +358 201 777 288\" \/>\n<meta property=\"og:description\" content=\"K\u00e4yntiosoite: Yrj\u00f6nkatu 8 a 2 00120 Helsinki - Email: info@ccaam.net - Puhelinnumero: +358 201 777 260. Yhteystiedot ja yhteydenotto-ohjeet.\" \/>\n<meta property=\"og:url\" content=\"https:\/\/ccaam.net\/en\/contact-us\/\" \/>\n<meta property=\"og:site_name\" content=\"CCAAM\" \/>\n<meta property=\"article:modified_time\" content=\"2019-01-31T08:18:39+00:00\" \/>\n<meta name=\"twitter:card\" content=\"summary\" \/>\n<meta name=\"twitter:label1\" content=\"Est. reading time\" \/>\n\t<meta name=\"twitter:data1\" content=\"1 minute\" \/>\n<script type=\"application\/ld+json\" class=\"yoast-schema-graph\">{\"@context\":\"https:\/\/schema.org\",\"@graph\":[{\"@type\":\"WebSite\",\"@id\":\"https:\/\/ccaam.net\/#website\",\"url\":\"https:\/\/ccaam.net\/\",\"name\":\"CCAAM\",\"description\":\"Esteettisen l\u00e4\u00e4ketieteen koulutuskeskus\",\"potentialAction\":[{\"@type\":\"SearchAction\",\"target\":{\"@type\":\"EntryPoint\",\"urlTemplate\":\"https:\/\/ccaam.net\/?s={search_term_string}\"},\"query-input\":\"required name=search_term_string\"}],\"inLanguage\":\"en-US\"},{\"@type\":\"WebPage\",\"@id\":\"https:\/\/ccaam.net\/en\/contact-us\/#webpage\",\"url\":\"https:\/\/ccaam.net\/en\/contact-us\/\",\"name\":\"Yhteystiedot: puhelin ja k\u00e4yntiosoite | CCAAM - puh. +358 201 777 288\",\"isPartOf\":{\"@id\":\"https:\/\/ccaam.net\/#website\"},\"datePublished\":\"2017-04-24T12:12:47+00:00\",\"dateModified\":\"2019-01-31T08:18:39+00:00\",\"description\":\"K\u00e4yntiosoite: Yrj\u00f6nkatu 8 a 2 00120 Helsinki - Email: info@ccaam.net - Puhelinnumero: +358 201 777 260. Yhteystiedot ja yhteydenotto-ohjeet.\",\"breadcrumb\":{\"@id\":\"https:\/\/ccaam.net\/en\/contact-us\/#breadcrumb\"},\"inLanguage\":\"en-US\",\"potentialAction\":[{\"@type\":\"ReadAction\",\"target\":[\"https:\/\/ccaam.net\/en\/contact-us\/\"]}]},{\"@type\":\"BreadcrumbList\",\"@id\":\"https:\/\/ccaam.net\/en\/contact-us\/#breadcrumb\",\"itemListElement\":[{\"@type\":\"ListItem\",\"position\":1,\"name\":\"Home\",\"item\":\"https:\/\/ccaam.net\/en\/\"},{\"@type\":\"ListItem\",\"position\":2,\"name\":\"Contact us\"}]}]}<\/script>\n<!-- \/ Yoast SEO plugin. -->","yoast_head_json":{"title":"Yhteystiedot: puhelin ja k\u00e4yntiosoite | CCAAM - puh. +358 201 777 288","description":"K\u00e4yntiosoite: Yrj\u00f6nkatu 8 a 2 00120 Helsinki - Email: info@ccaam.net - Puhelinnumero: +358 201 777 260. Yhteystiedot ja yhteydenotto-ohjeet.","robots":{"index":"index","follow":"follow","max-snippet":"max-snippet:-1","max-image-preview":"max-image-preview:large","max-video-preview":"max-video-preview:-1"},"canonical":"https:\/\/ccaam.net\/en\/contact-us\/","og_locale":"en_US","og_type":"article","og_title":"Yhteystiedot: puhelin ja k\u00e4yntiosoite | CCAAM - puh. +358 201 777 288","og_description":"K\u00e4yntiosoite: Yrj\u00f6nkatu 8 a 2 00120 Helsinki - Email: info@ccaam.net - Puhelinnumero: +358 201 777 260. Yhteystiedot ja yhteydenotto-ohjeet.","og_url":"https:\/\/ccaam.net\/en\/contact-us\/","og_site_name":"CCAAM","article_modified_time":"2019-01-31T08:18:39+00:00","twitter_card":"summary","twitter_misc":{"Est. reading time":"1 minute"},"schema":{"@context":"https:\/\/schema.org","@graph":[{"@type":"WebSite","@id":"https:\/\/ccaam.net\/#website","url":"https:\/\/ccaam.net\/","name":"CCAAM","description":"Esteettisen l\u00e4\u00e4ketieteen koulutuskeskus","potentialAction":[{"@type":"SearchAction","target":{"@type":"EntryPoint","urlTemplate":"https:\/\/ccaam.net\/?s={search_term_string}"},"query-input":"required name=search_term_string"}],"inLanguage":"en-US"},{"@type":"WebPage","@id":"https:\/\/ccaam.net\/en\/contact-us\/#webpage","url":"https:\/\/ccaam.net\/en\/contact-us\/","name":"Yhteystiedot: puhelin ja k\u00e4yntiosoite | CCAAM - puh. +358 201 777 288","isPartOf":{"@id":"https:\/\/ccaam.net\/#website"},"datePublished":"2017-04-24T12:12:47+00:00","dateModified":"2019-01-31T08:18:39+00:00","description":"K\u00e4yntiosoite: Yrj\u00f6nkatu 8 a 2 00120 Helsinki - Email: info@ccaam.net - Puhelinnumero: +358 201 777 260. Yhteystiedot ja yhteydenotto-ohjeet.","breadcrumb":{"@id":"https:\/\/ccaam.net\/en\/contact-us\/#breadcrumb"},"inLanguage":"en-US","potentialAction":[{"@type":"ReadAction","target":["https:\/\/ccaam.net\/en\/contact-us\/"]}]},{"@type":"BreadcrumbList","@id":"https:\/\/ccaam.net\/en\/contact-us\/#breadcrumb","itemListElement":[{"@type":"ListItem","position":1,"name":"Home","item":"https:\/\/ccaam.net\/en\/"},{"@type":"ListItem","position":2,"name":"Contact us"}]}]}},"_links":{"self":[{"href":"https:\/\/ccaam.net\/en\/wp-json\/wp\/v2\/pages\/876"}],"collection":[{"href":"https:\/\/ccaam.net\/en\/wp-json\/wp\/v2\/pages"}],"about":[{"href":"https:\/\/ccaam.net\/en\/wp-json\/wp\/v2\/types\/page"}],"author":[{"embeddable":true,"href":"https:\/\/ccaam.net\/en\/wp-json\/wp\/v2\/users\/1"}],"replies":[{"embeddable":true,"href":"https:\/\/ccaam.net\/en\/wp-json\/wp\/v2\/comments?post=876"}],"version-history":[{"count":2,"href":"https:\/\/ccaam.net\/en\/wp-json\/wp\/v2\/pages\/876\/revisions"}],"predecessor-version":[{"id":3606,"href":"https:\/\/ccaam.net\/en\/wp-json\/wp\/v2\/pages\/876\/revisions\/3606"}],"wp:attachment":[{"href":"https:\/\/ccaam.net\/en\/wp-json\/wp\/v2\/media?parent=876"}],"curies":[{"name":"wp","href":"https:\/\/api.w.org\/{rel}","templated":true}]}}