{"id":871,"date":"2017-04-24T14:12:02","date_gmt":"2017-04-24T12:12:02","guid":{"rendered":"https:\/\/ccaam.net\/tuki\/"},"modified":"2017-12-08T10:52:25","modified_gmt":"2017-12-08T08:52:25","slug":"support","status":"publish","type":"page","link":"https:\/\/ccaam.net\/en\/support\/","title":{"rendered":"Support"},"content":{"rendered":"<div id='av_section_1'  class='avia-section av-av_section-31b18968fdb96ead2773720a5395bd14 main_color avia-section-default avia-no-border-styling  avia-builder-el-0  avia-builder-el-no-sibling  avia-bg-style-scroll container_wrap fullsize'  ><div class='container av-section-cont-open' ><main  role=\"main\" itemprop=\"mainContentOfPage\"  class='template-page content  av-content-full alpha units'><div class='post-entry post-entry-type-page post-entry-871'><div class='entry-content-wrapper clearfix'>\n<div class='flex_column_table av-equal-height-column-flextable -flextable' ><div class=\"flex_column  av_one_third  flex_column_table_cell av-equal-height-column av-align-top av-zero-column-padding first  avia-builder-el-1  el_before_av_one_third  avia-builder-el-first  \" style='border-radius:0px; '><p>\n<style type=\"text\/css\" data-created_by=\"avia_inline_auto\" id=\"style-css-av-av_heading-989e8cce4e077d7256628fe4d29e6fd8\">\n#top .av-special-heading.av-av_heading-989e8cce4e077d7256628fe4d29e6fd8{\npadding-bottom:10px;\n}\nbody .av-special-heading.av-av_heading-989e8cce4e077d7256628fe4d29e6fd8 .av-special-heading-tag .heading-char{\nfont-size:25px;\n}\n.av-special-heading.av-av_heading-989e8cce4e077d7256628fe4d29e6fd8 .av-subheading{\nfont-size:15px;\n}\n<\/style>\n<div  class='av-special-heading av-av_heading-989e8cce4e077d7256628fe4d29e6fd8 av-special-heading-h3 blockquote modern-quote  avia-builder-el-2  el_before_av_textblock  avia-builder-el-first '><h3 class='av-special-heading-tag'  itemprop=\"headline\"  >Contact us<\/h3><div class=\"special-heading-border\"><div class=\"special-heading-inner-border\"><\/div><\/div><\/div><br \/>\n<section  class='av_textblock_section av-av_textblock-2bd894dbf2e4bf2c4acf98ce4fbf94aa'  itemscope=\"itemscope\" itemtype=\"https:\/\/schema.org\/CreativeWork\" ><div class='avia_textblock'  itemprop=\"text\" ><p>For additional information, please call us at these numbers:<br \/>\n+358 201 777 260<br \/>\n+358 400 955 625 (training manager Johanna Stenros)<br \/>\n+358 40 149 2996 (product specialist Mariella Petsalo)<br \/>\n+358 40 525 1188 (marketing assistant Carita Kuosmanen)<\/p>\n<p>You may also send us an email:\u00a0<a href=\"mailto:info@ccaam.net\" target=\"_blank\" rel=\"noopener noreferrer\">info@ccaam.net<\/a>.<\/p>\n<\/div><\/section><\/p><\/div><div class='av-flex-placeholder'><\/div><div class=\"flex_column  av_one_third  flex_column_table_cell av-equal-height-column av-align-top av-zero-column-padding   avia-builder-el-4  el_after_av_one_third  el_before_av_one_third  \" style='border-radius:0px; '><p>\n<style type=\"text\/css\" data-created_by=\"avia_inline_auto\" id=\"style-css-av-av_heading-2d211245ca1102853b82c95d90a6a772\">\n#top .av-special-heading.av-av_heading-2d211245ca1102853b82c95d90a6a772{\npadding-bottom:10px;\n}\nbody .av-special-heading.av-av_heading-2d211245ca1102853b82c95d90a6a772 .av-special-heading-tag .heading-char{\nfont-size:25px;\n}\n.av-special-heading.av-av_heading-2d211245ca1102853b82c95d90a6a772 .av-subheading{\nfont-size:15px;\n}\n<\/style>\n<div  class='av-special-heading av-av_heading-2d211245ca1102853b82c95d90a6a772 av-special-heading-h3 blockquote modern-quote  avia-builder-el-5  el_before_av_textblock  avia-builder-el-first '><h3 class='av-special-heading-tag'  itemprop=\"headline\"  >Send us an email<\/h3><div class=\"special-heading-border\"><div class=\"special-heading-inner-border\"><\/div><\/div><\/div><br \/>\n<section  class='av_textblock_section av-av_textblock-283972ea15f2e73870c23e2d6de3245d'  itemscope=\"itemscope\" itemtype=\"https:\/\/schema.org\/CreativeWork\" ><div class='avia_textblock'  itemprop=\"text\" ><p>Please, email us at\u00a0<a href=\"mailto:info@ccaam.net\">info@ccaam.net<\/a>, and we will contact you as soon as possible.<\/p>\n<\/div><\/section><\/p><\/div><div class='av-flex-placeholder'><\/div><div class=\"flex_column  av_one_third  flex_column_table_cell av-equal-height-column av-align-top av-zero-column-padding   avia-builder-el-7  el_after_av_one_third  avia-builder-el-last  \" style='border-radius:0px; '><p>\n<style type=\"text\/css\" data-created_by=\"avia_inline_auto\" id=\"style-css-av-av_heading-36b6350fbfeec8697de4893ab632e089\">\n#top .av-special-heading.av-av_heading-36b6350fbfeec8697de4893ab632e089{\npadding-bottom:10px;\n}\nbody .av-special-heading.av-av_heading-36b6350fbfeec8697de4893ab632e089 .av-special-heading-tag .heading-char{\nfont-size:25px;\n}\n.av-special-heading.av-av_heading-36b6350fbfeec8697de4893ab632e089 .av-subheading{\nfont-size:15px;\n}\n<\/style>\n<div  class='av-special-heading av-av_heading-36b6350fbfeec8697de4893ab632e089 av-special-heading-h3 blockquote modern-quote  avia-builder-el-8  el_before_av_textblock  avia-builder-el-first '><h3 class='av-special-heading-tag'  itemprop=\"headline\"  >Leave us a message<\/h3><div class=\"special-heading-border\"><div class=\"special-heading-inner-border\"><\/div><\/div><\/div><br \/>\n<section  class='av_textblock_section av-av_textblock-283972ea15f2e73870c23e2d6de3245d'  itemscope=\"itemscope\" itemtype=\"https:\/\/schema.org\/CreativeWork\" ><div class='avia_textblock'  itemprop=\"text\" ><p>Our team is dedicated to making your training path as convenient as possible. \u00a0To send us your questions, comments or suggestions, feel free to complete the form. Our goal is to respond within 24 hours (Mon &#8211; Fri).<\/p>\n[contact-form-7 404 \"Not Found\"]\n<\/div><\/section><\/p><\/div><\/div><!--close column table wrapper. Autoclose: 1 -->\n","protected":false},"excerpt":{"rendered":"","protected":false},"author":1,"featured_media":0,"parent":0,"menu_order":0,"comment_status":"closed","ping_status":"closed","template":"","meta":[],"acf":[],"yoast_head":"<!-- This site is optimized with the Yoast SEO plugin v18.8 - https:\/\/yoast.com\/wordpress\/plugins\/seo\/ -->\n<title>Tuki | CCAAM-koulutuskeskus ja LAHA\u00ae, +358 201 777 260<\/title>\n<meta name=\"description\" content=\"Tuki alusta loppuun saakka CCAAM-tiimilt\u00e4. Autamme sinua valitsemaan sopivan koulutuksen. My\u00f6s vastuul\u00e4\u00e4k\u00e4rin tukipalvelut sek\u00e4 tuotespesialistin neuvot.\" \/>\n<meta name=\"robots\" content=\"index, follow, max-snippet:-1, max-image-preview:large, max-video-preview:-1\" \/>\n<link rel=\"canonical\" href=\"https:\/\/ccaam.net\/en\/support\/\" \/>\n<meta property=\"og:locale\" content=\"en_US\" \/>\n<meta property=\"og:type\" content=\"article\" \/>\n<meta property=\"og:title\" content=\"Tuki | CCAAM-koulutuskeskus ja LAHA\u00ae, +358 201 777 260\" \/>\n<meta property=\"og:description\" content=\"Tuki alusta loppuun saakka CCAAM-tiimilt\u00e4. Autamme sinua valitsemaan sopivan koulutuksen. My\u00f6s vastuul\u00e4\u00e4k\u00e4rin tukipalvelut sek\u00e4 tuotespesialistin neuvot.\" \/>\n<meta property=\"og:url\" content=\"https:\/\/ccaam.net\/en\/support\/\" \/>\n<meta property=\"og:site_name\" content=\"CCAAM\" \/>\n<meta property=\"article:modified_time\" content=\"2017-12-08T08:52:25+00:00\" \/>\n<meta name=\"twitter:card\" content=\"summary\" \/>\n<meta name=\"twitter:label1\" content=\"Est. reading time\" \/>\n\t<meta name=\"twitter:data1\" content=\"3 minutes\" \/>\n<script type=\"application\/ld+json\" class=\"yoast-schema-graph\">{\"@context\":\"https:\/\/schema.org\",\"@graph\":[{\"@type\":\"WebSite\",\"@id\":\"https:\/\/ccaam.net\/#website\",\"url\":\"https:\/\/ccaam.net\/\",\"name\":\"CCAAM\",\"description\":\"Esteettisen l\u00e4\u00e4ketieteen koulutuskeskus\",\"potentialAction\":[{\"@type\":\"SearchAction\",\"target\":{\"@type\":\"EntryPoint\",\"urlTemplate\":\"https:\/\/ccaam.net\/?s={search_term_string}\"},\"query-input\":\"required name=search_term_string\"}],\"inLanguage\":\"en-US\"},{\"@type\":\"WebPage\",\"@id\":\"https:\/\/ccaam.net\/en\/support\/#webpage\",\"url\":\"https:\/\/ccaam.net\/en\/support\/\",\"name\":\"Tuki | CCAAM-koulutuskeskus ja LAHA\u00ae, +358 201 777 260\",\"isPartOf\":{\"@id\":\"https:\/\/ccaam.net\/#website\"},\"datePublished\":\"2017-04-24T12:12:02+00:00\",\"dateModified\":\"2017-12-08T08:52:25+00:00\",\"description\":\"Tuki alusta loppuun saakka CCAAM-tiimilt\u00e4. Autamme sinua valitsemaan sopivan koulutuksen. My\u00f6s vastuul\u00e4\u00e4k\u00e4rin tukipalvelut sek\u00e4 tuotespesialistin neuvot.\",\"breadcrumb\":{\"@id\":\"https:\/\/ccaam.net\/en\/support\/#breadcrumb\"},\"inLanguage\":\"en-US\",\"potentialAction\":[{\"@type\":\"ReadAction\",\"target\":[\"https:\/\/ccaam.net\/en\/support\/\"]}]},{\"@type\":\"BreadcrumbList\",\"@id\":\"https:\/\/ccaam.net\/en\/support\/#breadcrumb\",\"itemListElement\":[{\"@type\":\"ListItem\",\"position\":1,\"name\":\"Home\",\"item\":\"https:\/\/ccaam.net\/en\/\"},{\"@type\":\"ListItem\",\"position\":2,\"name\":\"Support\"}]}]}<\/script>\n<!-- \/ Yoast SEO plugin. -->","yoast_head_json":{"title":"Tuki | CCAAM-koulutuskeskus ja LAHA\u00ae, +358 201 777 260","description":"Tuki alusta loppuun saakka CCAAM-tiimilt\u00e4. Autamme sinua valitsemaan sopivan koulutuksen. My\u00f6s vastuul\u00e4\u00e4k\u00e4rin tukipalvelut sek\u00e4 tuotespesialistin neuvot.","robots":{"index":"index","follow":"follow","max-snippet":"max-snippet:-1","max-image-preview":"max-image-preview:large","max-video-preview":"max-video-preview:-1"},"canonical":"https:\/\/ccaam.net\/en\/support\/","og_locale":"en_US","og_type":"article","og_title":"Tuki | CCAAM-koulutuskeskus ja LAHA\u00ae, +358 201 777 260","og_description":"Tuki alusta loppuun saakka CCAAM-tiimilt\u00e4. Autamme sinua valitsemaan sopivan koulutuksen. My\u00f6s vastuul\u00e4\u00e4k\u00e4rin tukipalvelut sek\u00e4 tuotespesialistin neuvot.","og_url":"https:\/\/ccaam.net\/en\/support\/","og_site_name":"CCAAM","article_modified_time":"2017-12-08T08:52:25+00:00","twitter_card":"summary","twitter_misc":{"Est. reading time":"3 minutes"},"schema":{"@context":"https:\/\/schema.org","@graph":[{"@type":"WebSite","@id":"https:\/\/ccaam.net\/#website","url":"https:\/\/ccaam.net\/","name":"CCAAM","description":"Esteettisen l\u00e4\u00e4ketieteen koulutuskeskus","potentialAction":[{"@type":"SearchAction","target":{"@type":"EntryPoint","urlTemplate":"https:\/\/ccaam.net\/?s={search_term_string}"},"query-input":"required name=search_term_string"}],"inLanguage":"en-US"},{"@type":"WebPage","@id":"https:\/\/ccaam.net\/en\/support\/#webpage","url":"https:\/\/ccaam.net\/en\/support\/","name":"Tuki | CCAAM-koulutuskeskus ja LAHA\u00ae, +358 201 777 260","isPartOf":{"@id":"https:\/\/ccaam.net\/#website"},"datePublished":"2017-04-24T12:12:02+00:00","dateModified":"2017-12-08T08:52:25+00:00","description":"Tuki alusta loppuun saakka CCAAM-tiimilt\u00e4. Autamme sinua valitsemaan sopivan koulutuksen. My\u00f6s vastuul\u00e4\u00e4k\u00e4rin tukipalvelut sek\u00e4 tuotespesialistin neuvot.","breadcrumb":{"@id":"https:\/\/ccaam.net\/en\/support\/#breadcrumb"},"inLanguage":"en-US","potentialAction":[{"@type":"ReadAction","target":["https:\/\/ccaam.net\/en\/support\/"]}]},{"@type":"BreadcrumbList","@id":"https:\/\/ccaam.net\/en\/support\/#breadcrumb","itemListElement":[{"@type":"ListItem","position":1,"name":"Home","item":"https:\/\/ccaam.net\/en\/"},{"@type":"ListItem","position":2,"name":"Support"}]}]}},"_links":{"self":[{"href":"https:\/\/ccaam.net\/en\/wp-json\/wp\/v2\/pages\/871"}],"collection":[{"href":"https:\/\/ccaam.net\/en\/wp-json\/wp\/v2\/pages"}],"about":[{"href":"https:\/\/ccaam.net\/en\/wp-json\/wp\/v2\/types\/page"}],"author":[{"embeddable":true,"href":"https:\/\/ccaam.net\/en\/wp-json\/wp\/v2\/users\/1"}],"replies":[{"embeddable":true,"href":"https:\/\/ccaam.net\/en\/wp-json\/wp\/v2\/comments?post=871"}],"version-history":[{"count":0,"href":"https:\/\/ccaam.net\/en\/wp-json\/wp\/v2\/pages\/871\/revisions"}],"wp:attachment":[{"href":"https:\/\/ccaam.net\/en\/wp-json\/wp\/v2\/media?parent=871"}],"curies":[{"name":"wp","href":"https:\/\/api.w.org\/{rel}","templated":true}]}}