{"id":861,"date":"2017-04-24T14:07:58","date_gmt":"2017-04-24T12:07:58","guid":{"rendered":"https:\/\/ccaam.net\/model-for-us\/"},"modified":"2019-01-31T10:18:51","modified_gmt":"2019-01-31T08:18:51","slug":"model-for-us","status":"publish","type":"page","link":"https:\/\/ccaam.net\/en\/model-for-us\/","title":{"rendered":"Model for us?"},"content":{"rendered":"<div id='av_section_1'  class='avia-section av-av_section-31b18968fdb96ead2773720a5395bd14 main_color avia-section-default avia-no-border-styling  avia-builder-el-0  avia-builder-el-no-sibling  avia-bg-style-scroll container_wrap fullsize'  ><div class='container av-section-cont-open' ><main  role=\"main\" itemprop=\"mainContentOfPage\"  class='template-page content  av-content-full alpha units'><div class='post-entry post-entry-type-page post-entry-861'><div class='entry-content-wrapper clearfix'>\n<div class=\"flex_column  av_one_half  flex_column_div av-zero-column-padding first  avia-builder-el-1  el_before_av_one_half  avia-builder-el-first  \" style='border-radius:0px; '><section  class='av_textblock_section av-av_textblock-283972ea15f2e73870c23e2d6de3245d'  itemscope=\"itemscope\" itemtype=\"https:\/\/schema.org\/CreativeWork\" ><div class='avia_textblock'  itemprop=\"text\" ><p>Have you wanted to try an aesthetic procedure but are reluctant to pay the high cost being charged at your local medical office? Or are you already enjoying the benefits of these procedures, but would like to take advantage of a huge discount on your next treatment?<\/p>\n<p>CCAAM offers individuals the opportunity to be a model at our seminars and pay only the cost of product. This translates to a minimum 60% discount off of retail prices! All procedures are performed by medical professionals under the close supervision of our experienced instructors.<\/p>\n<p>In order to receive an appointment time, models must register. \u00a0Appointment times are emailed to models on the Wednesday prior to the seminar. Specific details will be given to interested applicants. Models are typically given an appointment time after 1:00 pm on the date of the training course.<\/p>\n<p>For more information, please call us at +358 400 955 625 (training coordinator Anna Holopainen) or at +358 201 777 260.<\/p>\n<\/div><\/section><\/div><div class=\"flex_column  av_one_half  flex_column_div av-zero-column-padding   avia-builder-el-3  el_after_av_one_half  avia-builder-el-last  \" style='border-radius:0px; '><div  class='togglecontainer av-av_toggle_container-17eb041838547e9783a1214cf7f572df  avia-builder-el-4  avia-builder-el-no-sibling ' >\n<section class='av_toggle_section av-av_toggle-2c9445c612a65af3ab044052f18f70ce'  itemscope=\"itemscope\" itemtype=\"https:\/\/schema.org\/CreativeWork\" ><div role=\"tablist\" class=\"single_toggle\" data-tags=\"{All} \"  ><p data-fake-id='#toggle-id-1' class='toggler   '  itemprop=\"headline\"  role='tab' tabindex='0' aria-controls='toggle-id-1'>How are models selected? <span class=\"toggle_icon\"><span class=\"vert_icon\"><\/span><span class=\"hor_icon\"><\/span><\/span><\/p><div id='toggle-id-1' class='toggle_wrap  '  ><div class='toggle_content invers-color '  itemprop=\"text\" ><p>Models are asked to register online.\u00a0 Once CCAAM has your contact information, we will contact you to determine if the date\/location is convenient for you.<\/p>\n<\/div><\/div><\/div><\/section>\n<section class='av_toggle_section av-av_toggle-71ee352fb0f49b590ba668fddec100f3'  itemscope=\"itemscope\" itemtype=\"https:\/\/schema.org\/CreativeWork\" ><div role=\"tablist\" class=\"single_toggle\" data-tags=\"{All} \"  ><p data-fake-id='#toggle-id-2' class='toggler   '  itemprop=\"headline\"  role='tab' tabindex='0' aria-controls='toggle-id-2'>Who performs the procedure(s)?<span class=\"toggle_icon\"><span class=\"vert_icon\"><\/span><span class=\"hor_icon\"><\/span><\/span><\/p><div id='toggle-id-2' class='toggle_wrap  '  ><div class='toggle_content invers-color '  itemprop=\"text\" ><p>Procedures are performed by the class participants (all licensed medical professionals) under the close supervision of our experienced instructor.<\/p>\n<\/div><\/div><\/div><\/section>\n<section class='av_toggle_section av-av_toggle-254197b39715e2f9f583399720e9335b'  itemscope=\"itemscope\" itemtype=\"https:\/\/schema.org\/CreativeWork\" ><div role=\"tablist\" class=\"single_toggle\" data-tags=\"{All} \"  ><p data-fake-id='#toggle-id-3' class='toggler   '  itemprop=\"headline\"  role='tab' tabindex='0' aria-controls='toggle-id-3'>What time do I need to be there?<span class=\"toggle_icon\"><span class=\"vert_icon\"><\/span><span class=\"hor_icon\"><\/span><\/span><\/p><div id='toggle-id-3' class='toggle_wrap  '  ><div class='toggle_content invers-color '  itemprop=\"text\" ><p>Appointment times are e-mailed\u00a0to models the Wednesday prior to the seminar.\u00a0 All appointments are between 11:00 am \u2013 4:00 pm.<\/p>\n<\/div><\/div><\/div><\/section>\n<section class='av_toggle_section av-av_toggle-425a8b45ca762aaf9333b8e6c781a7aa'  itemscope=\"itemscope\" itemtype=\"https:\/\/schema.org\/CreativeWork\" ><div role=\"tablist\" class=\"single_toggle\" data-tags=\"{All} \"  ><p data-fake-id='#toggle-id-4' class='toggler   '  itemprop=\"headline\"  role='tab' tabindex='0' aria-controls='toggle-id-4'>How long will I be there? <span class=\"toggle_icon\"><span class=\"vert_icon\"><\/span><span class=\"hor_icon\"><\/span><\/span><\/p><div id='toggle-id-4' class='toggle_wrap  '  ><div class='toggle_content invers-color '  itemprop=\"text\" ><p>CCAAM makes every effort to have models in and out of the training within one hour, although this may not always be possible.<\/p>\n<\/div><\/div><\/div><\/section>\n<section class='av_toggle_section av-av_toggle-bdf276b02eb5920ef98ce21eee309dd6'  itemscope=\"itemscope\" itemtype=\"https:\/\/schema.org\/CreativeWork\" ><div role=\"tablist\" class=\"single_toggle\" data-tags=\"{All} \"  ><p data-fake-id='#toggle-id-5' class='toggler   '  itemprop=\"headline\"  role='tab' tabindex='0' aria-controls='toggle-id-5'>How do I pay?<span class=\"toggle_icon\"><span class=\"vert_icon\"><\/span><span class=\"hor_icon\"><\/span><\/span><\/p><div id='toggle-id-5' class='toggle_wrap  '  ><div class='toggle_content invers-color '  itemprop=\"text\" ><p>You may pay the day of training course. Payment may be made via cash or debit\/credit card.<\/p>\n<\/div><\/div><\/div><\/section>\n<section class='av_toggle_section av-av_toggle-b9c191569621e483dbc95520fc23d370'  itemscope=\"itemscope\" itemtype=\"https:\/\/schema.org\/CreativeWork\" ><div role=\"tablist\" class=\"single_toggle\" data-tags=\"{All} \"  ><p data-fake-id='#toggle-id-6' class='toggler   '  itemprop=\"headline\"  role='tab' tabindex='0' aria-controls='toggle-id-6'>What if I don\u2019t like my results?<span class=\"toggle_icon\"><span class=\"vert_icon\"><\/span><span class=\"hor_icon\"><\/span><\/span><\/p><div id='toggle-id-6' class='toggle_wrap  '  ><div class='toggle_content invers-color '  itemprop=\"text\" ><p>Contact us if you are dissatisfied with your results.\u00a0 Please send a photo with your explanation of your complaint.\u00a0 Although results cannot be guaranteed for any of the procedures, we will review the specifics of your case and attempt to rectify the situation.<\/p>\n<\/div><\/div><\/div><\/section>\n<\/div><\/div>\n","protected":false},"excerpt":{"rendered":"","protected":false},"author":1,"featured_media":0,"parent":0,"menu_order":0,"comment_status":"closed","ping_status":"closed","template":"","meta":[],"acf":[],"yoast_head":"<!-- This site is optimized with the Yoast SEO plugin v18.8 - https:\/\/yoast.com\/wordpress\/plugins\/seo\/ -->\n<title>Tule malliksi | CCAAM, 0201 777 260 - info@ccaam.net<\/title>\n<meta name=\"description\" content=\"Malliksi CCAAM-koulutuksiin? T\u00e4yteaine-, botox- ja muita malleja etsit\u00e4\u00e4n. Mallit saavat toimenpiteet 60 % listahintoja edullisemmin.\" \/>\n<meta name=\"robots\" content=\"index, follow, max-snippet:-1, max-image-preview:large, max-video-preview:-1\" \/>\n<link rel=\"canonical\" href=\"https:\/\/ccaam.net\/en\/model-for-us\/\" \/>\n<meta property=\"og:locale\" content=\"en_US\" \/>\n<meta property=\"og:type\" content=\"article\" \/>\n<meta property=\"og:title\" content=\"Tule malliksi | CCAAM, 0201 777 260 - info@ccaam.net\" \/>\n<meta property=\"og:description\" content=\"Malliksi CCAAM-koulutuksiin? T\u00e4yteaine-, botox- ja muita malleja etsit\u00e4\u00e4n. Mallit saavat toimenpiteet 60 % listahintoja edullisemmin.\" \/>\n<meta property=\"og:url\" content=\"https:\/\/ccaam.net\/en\/model-for-us\/\" \/>\n<meta property=\"og:site_name\" content=\"CCAAM\" \/>\n<meta property=\"article:modified_time\" content=\"2019-01-31T08:18:51+00:00\" \/>\n<meta name=\"twitter:card\" content=\"summary\" \/>\n<meta name=\"twitter:label1\" content=\"Est. reading time\" \/>\n\t<meta name=\"twitter:data1\" content=\"3 minutes\" \/>\n<script type=\"application\/ld+json\" class=\"yoast-schema-graph\">{\"@context\":\"https:\/\/schema.org\",\"@graph\":[{\"@type\":\"WebSite\",\"@id\":\"https:\/\/ccaam.net\/#website\",\"url\":\"https:\/\/ccaam.net\/\",\"name\":\"CCAAM\",\"description\":\"Esteettisen l\u00e4\u00e4ketieteen koulutuskeskus\",\"potentialAction\":[{\"@type\":\"SearchAction\",\"target\":{\"@type\":\"EntryPoint\",\"urlTemplate\":\"https:\/\/ccaam.net\/?s={search_term_string}\"},\"query-input\":\"required name=search_term_string\"}],\"inLanguage\":\"en-US\"},{\"@type\":\"WebPage\",\"@id\":\"https:\/\/ccaam.net\/en\/model-for-us\/#webpage\",\"url\":\"https:\/\/ccaam.net\/en\/model-for-us\/\",\"name\":\"Tule malliksi | CCAAM, 0201 777 260 - info@ccaam.net\",\"isPartOf\":{\"@id\":\"https:\/\/ccaam.net\/#website\"},\"datePublished\":\"2017-04-24T12:07:58+00:00\",\"dateModified\":\"2019-01-31T08:18:51+00:00\",\"description\":\"Malliksi CCAAM-koulutuksiin? T\u00e4yteaine-, botox- ja muita malleja etsit\u00e4\u00e4n. Mallit saavat toimenpiteet 60 % listahintoja edullisemmin.\",\"breadcrumb\":{\"@id\":\"https:\/\/ccaam.net\/en\/model-for-us\/#breadcrumb\"},\"inLanguage\":\"en-US\",\"potentialAction\":[{\"@type\":\"ReadAction\",\"target\":[\"https:\/\/ccaam.net\/en\/model-for-us\/\"]}]},{\"@type\":\"BreadcrumbList\",\"@id\":\"https:\/\/ccaam.net\/en\/model-for-us\/#breadcrumb\",\"itemListElement\":[{\"@type\":\"ListItem\",\"position\":1,\"name\":\"Home\",\"item\":\"https:\/\/ccaam.net\/en\/\"},{\"@type\":\"ListItem\",\"position\":2,\"name\":\"Model for us?\"}]}]}<\/script>\n<!-- \/ Yoast SEO plugin. -->","yoast_head_json":{"title":"Tule malliksi | CCAAM, 0201 777 260 - info@ccaam.net","description":"Malliksi CCAAM-koulutuksiin? T\u00e4yteaine-, botox- ja muita malleja etsit\u00e4\u00e4n. Mallit saavat toimenpiteet 60 % listahintoja edullisemmin.","robots":{"index":"index","follow":"follow","max-snippet":"max-snippet:-1","max-image-preview":"max-image-preview:large","max-video-preview":"max-video-preview:-1"},"canonical":"https:\/\/ccaam.net\/en\/model-for-us\/","og_locale":"en_US","og_type":"article","og_title":"Tule malliksi | CCAAM, 0201 777 260 - info@ccaam.net","og_description":"Malliksi CCAAM-koulutuksiin? T\u00e4yteaine-, botox- ja muita malleja etsit\u00e4\u00e4n. Mallit saavat toimenpiteet 60 % listahintoja edullisemmin.","og_url":"https:\/\/ccaam.net\/en\/model-for-us\/","og_site_name":"CCAAM","article_modified_time":"2019-01-31T08:18:51+00:00","twitter_card":"summary","twitter_misc":{"Est. reading time":"3 minutes"},"schema":{"@context":"https:\/\/schema.org","@graph":[{"@type":"WebSite","@id":"https:\/\/ccaam.net\/#website","url":"https:\/\/ccaam.net\/","name":"CCAAM","description":"Esteettisen l\u00e4\u00e4ketieteen koulutuskeskus","potentialAction":[{"@type":"SearchAction","target":{"@type":"EntryPoint","urlTemplate":"https:\/\/ccaam.net\/?s={search_term_string}"},"query-input":"required name=search_term_string"}],"inLanguage":"en-US"},{"@type":"WebPage","@id":"https:\/\/ccaam.net\/en\/model-for-us\/#webpage","url":"https:\/\/ccaam.net\/en\/model-for-us\/","name":"Tule malliksi | CCAAM, 0201 777 260 - info@ccaam.net","isPartOf":{"@id":"https:\/\/ccaam.net\/#website"},"datePublished":"2017-04-24T12:07:58+00:00","dateModified":"2019-01-31T08:18:51+00:00","description":"Malliksi CCAAM-koulutuksiin? T\u00e4yteaine-, botox- ja muita malleja etsit\u00e4\u00e4n. Mallit saavat toimenpiteet 60 % listahintoja edullisemmin.","breadcrumb":{"@id":"https:\/\/ccaam.net\/en\/model-for-us\/#breadcrumb"},"inLanguage":"en-US","potentialAction":[{"@type":"ReadAction","target":["https:\/\/ccaam.net\/en\/model-for-us\/"]}]},{"@type":"BreadcrumbList","@id":"https:\/\/ccaam.net\/en\/model-for-us\/#breadcrumb","itemListElement":[{"@type":"ListItem","position":1,"name":"Home","item":"https:\/\/ccaam.net\/en\/"},{"@type":"ListItem","position":2,"name":"Model for us?"}]}]}},"_links":{"self":[{"href":"https:\/\/ccaam.net\/en\/wp-json\/wp\/v2\/pages\/861"}],"collection":[{"href":"https:\/\/ccaam.net\/en\/wp-json\/wp\/v2\/pages"}],"about":[{"href":"https:\/\/ccaam.net\/en\/wp-json\/wp\/v2\/types\/page"}],"author":[{"embeddable":true,"href":"https:\/\/ccaam.net\/en\/wp-json\/wp\/v2\/users\/1"}],"replies":[{"embeddable":true,"href":"https:\/\/ccaam.net\/en\/wp-json\/wp\/v2\/comments?post=861"}],"version-history":[{"count":2,"href":"https:\/\/ccaam.net\/en\/wp-json\/wp\/v2\/pages\/861\/revisions"}],"predecessor-version":[{"id":3607,"href":"https:\/\/ccaam.net\/en\/wp-json\/wp\/v2\/pages\/861\/revisions\/3607"}],"wp:attachment":[{"href":"https:\/\/ccaam.net\/en\/wp-json\/wp\/v2\/media?parent=861"}],"curies":[{"name":"wp","href":"https:\/\/api.w.org\/{rel}","templated":true}]}}