{"id":859,"date":"2017-04-24T14:06:24","date_gmt":"2017-04-24T12:06:24","guid":{"rendered":"https:\/\/ccaam.net\/courses\/"},"modified":"2017-04-27T16:55:18","modified_gmt":"2017-04-27T14:55:18","slug":"courses","status":"publish","type":"page","link":"https:\/\/ccaam.net\/en\/courses\/","title":{"rendered":"Courses"},"content":{"rendered":"<div id='av_section_1'  class='avia-section av-av_section-caa266a2032cba3997b4f5a3121bd6e6 alternate_color avia-section-default avia-no-border-styling  avia-builder-el-0  avia-builder-el-no-sibling  avia-bg-style-scroll container_wrap fullsize'  ><div class='container av-section-cont-open' ><main  role=\"main\" itemprop=\"mainContentOfPage\"  class='template-page content  av-content-full alpha units'><div class='post-entry post-entry-type-page post-entry-859'><div class='entry-content-wrapper clearfix'>\n<div class=\"flex_column  av_one_full  flex_column_div av-zero-column-padding first  avia-builder-el-1  avia-builder-el-no-sibling  \" style='border-radius:0px; '><p>\n<style type=\"text\/css\" data-created_by=\"avia_inline_auto\" id=\"style-css-av-av_heading-9cba4e562822cded2a45d8092e2534f2\">\n#top .av-special-heading.av-av_heading-9cba4e562822cded2a45d8092e2534f2{\npadding-bottom:50px;\ncolor:#ffffff;\n}\nbody .av-special-heading.av-av_heading-9cba4e562822cded2a45d8092e2534f2 .av-special-heading-tag .heading-char{\nfont-size:25px;\n}\n.av-special-heading.av-av_heading-9cba4e562822cded2a45d8092e2534f2 .special-heading-inner-border{\nborder-color:#ffffff;\n}\n.av-special-heading.av-av_heading-9cba4e562822cded2a45d8092e2534f2 .av-subheading{\nfont-size:15px;\n}\n<\/style>\n<div  class='av-special-heading av-av_heading-9cba4e562822cded2a45d8092e2534f2 av-special-heading-h2 custom-color-heading blockquote modern-quote modern-centered  avia-builder-el-2  el_before_av_textblock  avia-builder-el-first '><h2 class='av-special-heading-tag'  itemprop=\"headline\"  >Courses<\/h2><div class=\"special-heading-border\"><div class=\"special-heading-inner-border\"><\/div><\/div><\/div><br \/>\n\n<style type=\"text\/css\" data-created_by=\"avia_inline_auto\" id=\"style-css-av-av_textblock-a5dfef86801b8605790ae74ce3daf0f5\">\n#top .av_textblock_section.av-av_textblock-a5dfef86801b8605790ae74ce3daf0f5 .avia_textblock{\ncolor:#ffffff;\n}\n<\/style>\n<section  class='av_textblock_section av-av_textblock-a5dfef86801b8605790ae74ce3daf0f5'  itemscope=\"itemscope\" itemtype=\"https:\/\/schema.org\/CreativeWork\" ><div class='avia_textblock av_inherit_color'  itemprop=\"text\" >        <div class=\"course-categories flex-wrapper\">\n                                                        <div class=\"course-category\">\n                                        <h3 class=\"course-cateogry-title\">Beauty and medical peels<\/h3>\n                                        <div class=\"course-category-link-wrapper\">\n                        <a class=\"course-category-link\" href=\"https:\/\/ccaam.net\/en\/events\/category\/beauty-and-medical-peels\/\">Read more<\/a>\n                    <\/div>\n                <\/div>\n                                                            <div class=\"course-category\">\n                                            <figure class=\"category-image\">\n                            <img src=\"https:\/\/ccaam.net\/wp-content\/uploads\/2017\/04\/Taydennyskoulutus-1030x687.jpg\" \/> \n                        <\/figure>\n                                        <h3 class=\"course-cateogry-title\">Academy of aesthetic medicine<\/h3>\n                                            <p class=\"category-excerpt\">Academy of aesthetic medicine - the basics of dermal fillers, botox, chemical peels, lasers and PRP treatments.<\/p>\n                                        <div class=\"course-category-link-wrapper\">\n                        <a class=\"course-category-link\" href=\"https:\/\/ccaam.net\/en\/events\/category\/aesthetic-medicine-academy\/\">Read more<\/a>\n                    <\/div>\n                <\/div>\n                                                            <div class=\"course-category\">\n                                            <figure class=\"category-image\">\n                            <img src=\"https:\/\/ccaam.net\/wp-content\/uploads\/2017\/04\/Botuliinikoulutus.jpg\" \/> \n                        <\/figure>\n                                        <h3 class=\"course-cateogry-title\">Botox training<\/h3>\n                                            <p class=\"category-excerpt\">Botox training courses are for physicians with valid licence and other medical staff (e.g. nurses) if they do the botulinum treatments under physician`s supervison.<\/p>\n                                        <div class=\"course-category-link-wrapper\">\n                        <a class=\"course-category-link\" href=\"https:\/\/ccaam.net\/en\/events\/category\/botox-training\/\">Read more<\/a>\n                    <\/div>\n                <\/div>\n                                                            <div class=\"course-category\">\n                                            <figure class=\"category-image\">\n                            <img src=\"https:\/\/ccaam.net\/wp-content\/uploads\/2017\/04\/Kemiallinen-kuorinta.jpg\" \/> \n                        <\/figure>\n                                        <h3 class=\"course-cateogry-title\">Chemical Peel<\/h3>\n                                            <p class=\"category-excerpt\">Learn to treat a range of skin conditions with chemical peels.<\/p>\n                                        <div class=\"course-category-link-wrapper\">\n                        <a class=\"course-category-link\" href=\"https:\/\/ccaam.net\/en\/events\/category\/chemical-peel\/\">Read more<\/a>\n                    <\/div>\n                <\/div>\n                                                            <div class=\"course-category\">\n                                            <figure class=\"category-image\">\n                            <img src=\"https:\/\/ccaam.net\/wp-content\/uploads\/2017\/04\/Tayteainekoulutus.jpg\" \/> \n                        <\/figure>\n                                        <h3 class=\"course-cateogry-title\">Dermal filler training<\/h3>\n                                            <p class=\"category-excerpt\">Dermal filler training courses are for physicians with valid licence and other medical staff (e.g. nurses).<\/p>\n                                        <div class=\"course-category-link-wrapper\">\n                        <a class=\"course-category-link\" href=\"https:\/\/ccaam.net\/en\/events\/category\/dermal-filler-training\/\">Read more<\/a>\n                    <\/div>\n                <\/div>\n                                                            <div class=\"course-category\">\n                                            <figure class=\"category-image\">\n                            <img src=\"https:\/\/ccaam.net\/wp-content\/uploads\/2017\/04\/Lipolyysi-ja-skinboosterkoul..jpg\" \/> \n                        <\/figure>\n                                        <h3 class=\"course-cateogry-title\">Skinbooster treatments<\/h3>\n                                            <p class=\"category-excerpt\">Skinboosters training course will teach you how to treat the face and body.<\/p>\n                                        <div class=\"course-category-link-wrapper\">\n                        <a class=\"course-category-link\" href=\"https:\/\/ccaam.net\/en\/events\/category\/skinboosters\/\">Read more<\/a>\n                    <\/div>\n                <\/div>\n                                                            <div class=\"course-category\">\n                                            <figure class=\"category-image\">\n                            <img src=\"https:\/\/ccaam.net\/wp-content\/uploads\/2017\/04\/Ekstra-3.jpg\" \/> \n                        <\/figure>\n                                        <h3 class=\"course-cateogry-title\">Laser and Health Academy\u00ae<\/h3>\n                                            <p class=\"category-excerpt\">Learn the basics of the most important laser treatments.<\/p>\n                                        <div class=\"course-category-link-wrapper\">\n                        <a class=\"course-category-link\" href=\"https:\/\/ccaam.net\/en\/events\/category\/laser-academy\/\">Read more<\/a>\n                    <\/div>\n                <\/div>\n                                                            <div class=\"course-category\">\n                                            <figure class=\"category-image\">\n                            <img src=\"https:\/\/ccaam.net\/wp-content\/uploads\/2017\/04\/Mesoterapia-ja-PRP-koulutus.jpg\" \/> \n                        <\/figure>\n                                        <h3 class=\"course-cateogry-title\">Mesotherapy and PRP training courses<\/h3>\n                                            <p class=\"category-excerpt\">Mesotherapy and PRP coures for medical staff.<\/p>\n                                        <div class=\"course-category-link-wrapper\">\n                        <a class=\"course-category-link\" href=\"https:\/\/ccaam.net\/en\/events\/category\/mesotherapy-prp\/\">Read more<\/a>\n                    <\/div>\n                <\/div>\n                                                            <div class=\"course-category\">\n                                        <h3 class=\"course-cateogry-title\">Thread lift training<\/h3>\n                                            <p class=\"category-excerpt\">Hands-on PDO thread lift training couses for physicians and nurses.<\/p>\n                                        <div class=\"course-category-link-wrapper\">\n                        <a class=\"course-category-link\" href=\"https:\/\/ccaam.net\/en\/events\/category\/thread-lift-training\/\">Read more<\/a>\n                    <\/div>\n                <\/div>\n                                                            <div class=\"course-category\">\n                                            <figure class=\"category-image\">\n                            <img src=\"https:\/\/ccaam.net\/wp-content\/uploads\/2017\/04\/Ekstra-3.jpg\" \/> \n                        <\/figure>\n                                        <h3 class=\"course-cateogry-title\">Updating training<\/h3>\n                                            <p class=\"category-excerpt\">One-day training courses focused on interesting topics.<\/p>\n                                        <div class=\"course-category-link-wrapper\">\n                        <a class=\"course-category-link\" href=\"https:\/\/ccaam.net\/en\/events\/category\/updating-training\/\">Read more<\/a>\n                    <\/div>\n                <\/div>\n                                    <\/div>\n    \n<\/div><\/section><\/p><\/div>\n","protected":false},"excerpt":{"rendered":"","protected":false},"author":1,"featured_media":0,"parent":0,"menu_order":0,"comment_status":"closed","ping_status":"closed","template":"","meta":[],"acf":[],"yoast_head":"<!-- This site is optimized with the Yoast SEO plugin v18.8 - https:\/\/yoast.com\/wordpress\/plugins\/seo\/ -->\n<title>CCAAM - Koulutus | T\u00e4yteaine, botox, PRP, mesoterapia<\/title>\n<meta name=\"description\" content=\"Koulutus: t\u00e4yteaine, botox, PRP, mesoterapia, kemiallinen kuorinta. Koulutukset on suunnitellut Suomen ensimm\u00e4inen AAAM-sertifioitu esteettinen l\u00e4\u00e4k\u00e4ri.\" \/>\n<meta name=\"robots\" content=\"index, follow, max-snippet:-1, max-image-preview:large, max-video-preview:-1\" \/>\n<link rel=\"canonical\" href=\"https:\/\/ccaam.net\/en\/courses\/\" \/>\n<meta property=\"og:locale\" content=\"en_US\" \/>\n<meta property=\"og:type\" content=\"article\" \/>\n<meta property=\"og:title\" content=\"CCAAM - Koulutus | T\u00e4yteaine, botox, PRP, mesoterapia\" \/>\n<meta property=\"og:description\" content=\"Koulutus: t\u00e4yteaine, botox, PRP, mesoterapia, kemiallinen kuorinta. Koulutukset on suunnitellut Suomen ensimm\u00e4inen AAAM-sertifioitu esteettinen l\u00e4\u00e4k\u00e4ri.\" \/>\n<meta property=\"og:url\" content=\"https:\/\/ccaam.net\/en\/courses\/\" \/>\n<meta property=\"og:site_name\" content=\"CCAAM\" \/>\n<meta property=\"article:modified_time\" content=\"2017-04-27T14:55:18+00:00\" \/>\n<meta name=\"twitter:card\" content=\"summary\" \/>\n<meta name=\"twitter:label1\" content=\"Est. reading time\" \/>\n\t<meta name=\"twitter:data1\" content=\"1 minute\" \/>\n<script type=\"application\/ld+json\" class=\"yoast-schema-graph\">{\"@context\":\"https:\/\/schema.org\",\"@graph\":[{\"@type\":\"WebSite\",\"@id\":\"https:\/\/ccaam.net\/#website\",\"url\":\"https:\/\/ccaam.net\/\",\"name\":\"CCAAM\",\"description\":\"Esteettisen l\u00e4\u00e4ketieteen koulutuskeskus\",\"potentialAction\":[{\"@type\":\"SearchAction\",\"target\":{\"@type\":\"EntryPoint\",\"urlTemplate\":\"https:\/\/ccaam.net\/?s={search_term_string}\"},\"query-input\":\"required name=search_term_string\"}],\"inLanguage\":\"en-US\"},{\"@type\":\"WebPage\",\"@id\":\"https:\/\/ccaam.net\/en\/courses\/#webpage\",\"url\":\"https:\/\/ccaam.net\/en\/courses\/\",\"name\":\"CCAAM - Koulutus | T\u00e4yteaine, botox, PRP, mesoterapia\",\"isPartOf\":{\"@id\":\"https:\/\/ccaam.net\/#website\"},\"datePublished\":\"2017-04-24T12:06:24+00:00\",\"dateModified\":\"2017-04-27T14:55:18+00:00\",\"description\":\"Koulutus: t\u00e4yteaine, botox, PRP, mesoterapia, kemiallinen kuorinta. Koulutukset on suunnitellut Suomen ensimm\u00e4inen AAAM-sertifioitu esteettinen l\u00e4\u00e4k\u00e4ri.\",\"breadcrumb\":{\"@id\":\"https:\/\/ccaam.net\/en\/courses\/#breadcrumb\"},\"inLanguage\":\"en-US\",\"potentialAction\":[{\"@type\":\"ReadAction\",\"target\":[\"https:\/\/ccaam.net\/en\/courses\/\"]}]},{\"@type\":\"BreadcrumbList\",\"@id\":\"https:\/\/ccaam.net\/en\/courses\/#breadcrumb\",\"itemListElement\":[{\"@type\":\"ListItem\",\"position\":1,\"name\":\"Home\",\"item\":\"https:\/\/ccaam.net\/en\/\"},{\"@type\":\"ListItem\",\"position\":2,\"name\":\"Courses\"}]}]}<\/script>\n<!-- \/ Yoast SEO plugin. -->","yoast_head_json":{"title":"CCAAM - Koulutus | T\u00e4yteaine, botox, PRP, mesoterapia","description":"Koulutus: t\u00e4yteaine, botox, PRP, mesoterapia, kemiallinen kuorinta. Koulutukset on suunnitellut Suomen ensimm\u00e4inen AAAM-sertifioitu esteettinen l\u00e4\u00e4k\u00e4ri.","robots":{"index":"index","follow":"follow","max-snippet":"max-snippet:-1","max-image-preview":"max-image-preview:large","max-video-preview":"max-video-preview:-1"},"canonical":"https:\/\/ccaam.net\/en\/courses\/","og_locale":"en_US","og_type":"article","og_title":"CCAAM - Koulutus | T\u00e4yteaine, botox, PRP, mesoterapia","og_description":"Koulutus: t\u00e4yteaine, botox, PRP, mesoterapia, kemiallinen kuorinta. Koulutukset on suunnitellut Suomen ensimm\u00e4inen AAAM-sertifioitu esteettinen l\u00e4\u00e4k\u00e4ri.","og_url":"https:\/\/ccaam.net\/en\/courses\/","og_site_name":"CCAAM","article_modified_time":"2017-04-27T14:55:18+00:00","twitter_card":"summary","twitter_misc":{"Est. reading time":"1 minute"},"schema":{"@context":"https:\/\/schema.org","@graph":[{"@type":"WebSite","@id":"https:\/\/ccaam.net\/#website","url":"https:\/\/ccaam.net\/","name":"CCAAM","description":"Esteettisen l\u00e4\u00e4ketieteen koulutuskeskus","potentialAction":[{"@type":"SearchAction","target":{"@type":"EntryPoint","urlTemplate":"https:\/\/ccaam.net\/?s={search_term_string}"},"query-input":"required name=search_term_string"}],"inLanguage":"en-US"},{"@type":"WebPage","@id":"https:\/\/ccaam.net\/en\/courses\/#webpage","url":"https:\/\/ccaam.net\/en\/courses\/","name":"CCAAM - Koulutus | T\u00e4yteaine, botox, PRP, mesoterapia","isPartOf":{"@id":"https:\/\/ccaam.net\/#website"},"datePublished":"2017-04-24T12:06:24+00:00","dateModified":"2017-04-27T14:55:18+00:00","description":"Koulutus: t\u00e4yteaine, botox, PRP, mesoterapia, kemiallinen kuorinta. Koulutukset on suunnitellut Suomen ensimm\u00e4inen AAAM-sertifioitu esteettinen l\u00e4\u00e4k\u00e4ri.","breadcrumb":{"@id":"https:\/\/ccaam.net\/en\/courses\/#breadcrumb"},"inLanguage":"en-US","potentialAction":[{"@type":"ReadAction","target":["https:\/\/ccaam.net\/en\/courses\/"]}]},{"@type":"BreadcrumbList","@id":"https:\/\/ccaam.net\/en\/courses\/#breadcrumb","itemListElement":[{"@type":"ListItem","position":1,"name":"Home","item":"https:\/\/ccaam.net\/en\/"},{"@type":"ListItem","position":2,"name":"Courses"}]}]}},"_links":{"self":[{"href":"https:\/\/ccaam.net\/en\/wp-json\/wp\/v2\/pages\/859"}],"collection":[{"href":"https:\/\/ccaam.net\/en\/wp-json\/wp\/v2\/pages"}],"about":[{"href":"https:\/\/ccaam.net\/en\/wp-json\/wp\/v2\/types\/page"}],"author":[{"embeddable":true,"href":"https:\/\/ccaam.net\/en\/wp-json\/wp\/v2\/users\/1"}],"replies":[{"embeddable":true,"href":"https:\/\/ccaam.net\/en\/wp-json\/wp\/v2\/comments?post=859"}],"version-history":[{"count":0,"href":"https:\/\/ccaam.net\/en\/wp-json\/wp\/v2\/pages\/859\/revisions"}],"wp:attachment":[{"href":"https:\/\/ccaam.net\/en\/wp-json\/wp\/v2\/media?parent=859"}],"curies":[{"name":"wp","href":"https:\/\/api.w.org\/{rel}","templated":true}]}}